{"id":395,"date":"2024-05-29T11:12:12","date_gmt":"2024-05-29T09:12:12","guid":{"rendered":"https:\/\/www.mdbouw.sk\/dienstleistungen\/"},"modified":"2024-07-19T13:15:52","modified_gmt":"2024-07-19T11:15:52","slug":"dienstleistungen","status":"publish","type":"page","link":"https:\/\/www.mdbouw.sk\/de\/dienstleistungen\/","title":{"rendered":"Dienstleistungen"},"content":{"rendered":"\n[et_pb_section fb_built=&#8220;1&#8243; _builder_version=&#8220;4.25.1&#8243; _module_preset=&#8220;default&#8220; use_background_color_gradient=&#8220;on&#8220; background_color_gradient_direction=&#8220;256deg&#8220; background_color_gradient_stops=&#8220;rgba(9,17,55,0) 0%|#091137 99%&#8220; background_color_gradient_overlays_image=&#8220;on&#8220; background_image=&#8220;https:\/\/www.mdbouw.sk\/wp-content\/uploads\/2024\/05\/Group-35.svg&#8220; custom_padding=&#8220;3vw||3vw||true|false&#8220; global_colors_info=&#8220;{}&#8220;][et_pb_row column_structure=&#8220;1_2,1_2&#8243; _builder_version=&#8220;4.25.1&#8243; _module_preset=&#8220;default&#8220; custom_padding=&#8220;||0px|||&#8220; global_colors_info=&#8220;{}&#8220;][et_pb_column type=&#8220;1_2&#8243; _builder_version=&#8220;4.25.1&#8243; _module_preset=&#8220;default&#8220; global_colors_info=&#8220;{}&#8220;][et_pb_text _builder_version=&#8220;4.25.1&#8243; _module_preset=&#8220;default&#8220; text_font=&#8220;|||on|||||&#8220; text_text_color=&#8220;#FFFFFF&#8220; custom_margin=&#8220;||13px|||&#8220; custom_padding_tablet=&#8220;&#8220; custom_padding_phone=&#8220;|30px|||false|false&#8220; custom_padding_last_edited=&#8220;on|phone&#8220; global_colors_info=&#8220;{}&#8220;]<p>Unsere Dienstleistungen<\/p>[\/et_pb_text][et_pb_text _builder_version=&#8220;4.25.1&#8243; _module_preset=&#8220;default&#8220; text_text_color=&#8220;#FFFFFF&#8220; header_font=&#8220;|&#8211;et_global_heading_font_weight||on|||||&#8220; header_text_color=&#8220;#FFFFFF&#8220; header_font_size=&#8220;52px&#8220; header_line_height=&#8220;1.1em&#8220; custom_margin=&#8220;||17px|||&#8220; header_font_size_tablet=&#8220;52px&#8220; header_font_size_phone=&#8220;40px&#8220; header_font_size_last_edited=&#8220;on|phone&#8220; global_colors_info=&#8220;{}&#8220;]<h1>Wof\u00fcr wir uns engagieren<\/h1>[\/et_pb_text][\/et_pb_column][et_pb_column type=&#8220;1_2&#8243; _builder_version=&#8220;4.25.1&#8243; _module_preset=&#8220;default&#8220; global_colors_info=&#8220;{}&#8220;][\/et_pb_column][\/et_pb_row][\/et_pb_section][et_pb_section fb_built=&#8220;1&#8243; _builder_version=&#8220;4.25.1&#8243; _module_preset=&#8220;default&#8220; custom_padding=&#8220;37px||13px|||&#8220; global_colors_info=&#8220;{}&#8220;][et_pb_row column_structure=&#8220;1_2,1_2&#8243; _builder_version=&#8220;4.25.1&#8243; _module_preset=&#8220;default&#8220; global_colors_info=&#8220;{}&#8220;][et_pb_column type=&#8220;1_2&#8243; _builder_version=&#8220;4.25.1&#8243; _module_preset=&#8220;default&#8220; background_color=&#8220;rgba(235,60,22,0.06)&#8220; custom_padding=&#8220;42px||42px||true|false&#8220; global_colors_info=&#8220;{}&#8220;][et_pb_blurb title=&#8220;Installation von Starkstrom&#8220; image=&#8220;https:\/\/www.mdbouw.sk\/wp-content\/uploads\/2024\/06\/silnoprud.svg&#8220; icon_placement=&#8220;left&#8220; image_icon_width=&#8220;176%&#8220; icon_placement_tablet=&#8220;left&#8220; icon_placement_phone=&#8220;top&#8220; icon_placement_last_edited=&#8220;on|phone&#8220; image_icon_width_tablet=&#8220;176%&#8220; image_icon_width_phone=&#8220;18%&#8220; image_icon_width_last_edited=&#8220;on|phone&#8220; _builder_version=&#8220;4.25.1&#8243; _module_preset=&#8220;default&#8220; header_font=&#8220;|&#8211;et_global_heading_font_weight||on|||||&#8220; header_text_align=&#8220;left&#8220; header_text_color=&#8220;#EB3C16&#8243; header_font_size=&#8220;22px&#8220; body_text_align=&#8220;left&#8220; body_text_color=&#8220;rgba(9,17,55,0.6)&#8220; image_icon_custom_margin=&#8220;0px|||-25px|false|false&#8220; image_icon_custom_margin_tablet=&#8220;0px|||-25px|false|false&#8220; image_icon_custom_margin_phone=&#8220;0px|||0px|false|false&#8220; image_icon_custom_margin_last_edited=&#8220;on|phone&#8220; image_icon_custom_padding=&#8220;0px||||false|false&#8220; custom_margin=&#8220;0px|||16px|false|false&#8220; custom_margin_tablet=&#8220;0px|||16px|false|false&#8220; custom_margin_phone=&#8220;0px|34px||34px|false|true&#8220; custom_margin_last_edited=&#8220;on|phone&#8220; custom_padding=&#8220;|||0px|false|false&#8220; header_font_size_tablet=&#8220;22px&#8220; header_font_size_phone=&#8220;20px&#8220; header_font_size_last_edited=&#8220;on|phone&#8220; global_colors_info=&#8220;{}&#8220;]<p><span style=\"font-weight: 400;\">Wir installieren auch Systeme in Ihrem Geb\u00e4ude, die mit hohen Spannungen und Str\u00f6men arbeiten. Wir befolgen die geltenden Normen und halten alle Sicherheitsanforderungen ein. Mit uns ist die \u00dcbertragung und Verteilung von Strom problemlos.  <\/span><\/p>[\/et_pb_blurb][\/et_pb_column][et_pb_column type=&#8220;1_2&#8243; _builder_version=&#8220;4.25.1&#8243; _module_preset=&#8220;default&#8220; background_color=&#8220;rgba(235,60,22,0.06)&#8220; custom_padding=&#8220;42px||42px||true|false&#8220; global_colors_info=&#8220;{}&#8220;][et_pb_blurb title=&#8220;Schwachstrom-Installation  &#8220; image=&#8220;https:\/\/www.mdbouw.sk\/wp-content\/uploads\/2024\/06\/slaboprud.svg&#8220; icon_placement=&#8220;left&#8220; image_icon_width=&#8220;176%&#8220; icon_placement_tablet=&#8220;left&#8220; icon_placement_phone=&#8220;top&#8220; icon_placement_last_edited=&#8220;on|phone&#8220; image_icon_width_tablet=&#8220;176%&#8220; image_icon_width_phone=&#8220;18%&#8220; image_icon_width_last_edited=&#8220;on|phone&#8220; _builder_version=&#8220;4.25.1&#8243; _module_preset=&#8220;default&#8220; header_font=&#8220;|&#8211;et_global_heading_font_weight||on|||||&#8220; header_text_align=&#8220;left&#8220; header_text_color=&#8220;#EB3C16&#8243; header_font_size=&#8220;22px&#8220; body_text_align=&#8220;left&#8220; body_text_color=&#8220;rgba(9,17,55,0.6)&#8220; image_icon_custom_margin=&#8220;0px|||-25px|false|false&#8220; image_icon_custom_margin_tablet=&#8220;0px|||-25px|false|false&#8220; image_icon_custom_margin_phone=&#8220;0px|||0px|false|false&#8220; image_icon_custom_margin_last_edited=&#8220;on|phone&#8220; image_icon_custom_padding=&#8220;0px||||false|false&#8220; custom_margin=&#8220;0px|||16px|false|false&#8220; custom_margin_tablet=&#8220;0px|||16px|false|false&#8220; custom_margin_phone=&#8220;0px|34px||34px|false|true&#8220; custom_margin_last_edited=&#8220;on|phone&#8220; custom_padding=&#8220;|||0px|false|false&#8220; hover_enabled=&#8220;0&#8243; header_font_size_tablet=&#8220;22px&#8220; header_font_size_phone=&#8220;20px&#8220; header_font_size_last_edited=&#8220;on|phone&#8220; global_colors_info=&#8220;{}&#8220; sticky_enabled=&#8220;0&#8243;]<p><span style=\"font-weight: 400;\">Wir k\u00fcmmern uns auch um die Installation von Niederspannungskabeln und -dr\u00e4hten, elektronischen Schaltungen und Netzwerkausr\u00fcstung. Wir schlie\u00dfen alle Ihre elektronischen Ger\u00e4te problemlos an. Wir installieren Niederspannungsstrom sicher, zuverl\u00e4ssig und effizient.  <\/span><\/p>[\/et_pb_blurb][\/et_pb_column][\/et_pb_row][et_pb_row column_structure=&#8220;1_2,1_2&#8243; _builder_version=&#8220;4.25.1&#8243; _module_preset=&#8220;default&#8220; custom_padding=&#8220;0px|||||&#8220; global_colors_info=&#8220;{}&#8220;][et_pb_column type=&#8220;1_2&#8243; _builder_version=&#8220;4.25.1&#8243; _module_preset=&#8220;default&#8220; background_color=&#8220;rgba(235,60,22,0.06)&#8220; custom_padding=&#8220;42px||42px||true|false&#8220; global_colors_info=&#8220;{}&#8220;][et_pb_blurb title=&#8220;Messen zur Steigerung der Effizienz  &#8220; image=&#8220;https:\/\/www.mdbouw.sk\/wp-content\/uploads\/2024\/06\/meranie-1.svg&#8220; icon_placement=&#8220;left&#8220; image_icon_width=&#8220;176%&#8220; icon_placement_tablet=&#8220;left&#8220; icon_placement_phone=&#8220;top&#8220; icon_placement_last_edited=&#8220;on|phone&#8220; image_icon_width_tablet=&#8220;176%&#8220; image_icon_width_phone=&#8220;18%&#8220; image_icon_width_last_edited=&#8220;on|phone&#8220; _builder_version=&#8220;4.25.1&#8243; _module_preset=&#8220;default&#8220; header_font=&#8220;|&#8211;et_global_heading_font_weight||on|||||&#8220; header_text_align=&#8220;left&#8220; header_text_color=&#8220;#EB3C16&#8243; header_font_size=&#8220;22px&#8220; body_text_align=&#8220;left&#8220; body_text_color=&#8220;rgba(9,17,55,0.6)&#8220; image_icon_custom_margin=&#8220;0px|||-25px|false|false&#8220; image_icon_custom_margin_tablet=&#8220;0px|||-25px|false|false&#8220; image_icon_custom_margin_phone=&#8220;0px|||0px|false|false&#8220; image_icon_custom_margin_last_edited=&#8220;on|phone&#8220; image_icon_custom_padding=&#8220;0px||||false|false&#8220; custom_margin=&#8220;0px|||16px|false|false&#8220; custom_margin_tablet=&#8220;0px|||16px|false|false&#8220; custom_margin_phone=&#8220;0px|34px||34px|false|true&#8220; custom_margin_last_edited=&#8220;on|phone&#8220; custom_padding=&#8220;|||0px|false|false&#8220; header_font_size_tablet=&#8220;22px&#8220; header_font_size_phone=&#8220;20px&#8220; header_font_size_last_edited=&#8220;on|phone&#8220; global_colors_info=&#8220;{}&#8220;]<p><span style=\"font-weight: 400;\">Moderne Systeme sind f\u00fcr uns keine Unbekannten. Deshalb bem\u00fchen wir uns auch, L\u00f6sungen f\u00fcr intelligente Geb\u00e4ude anzubieten. Wir werden Systeme installieren, die durch Messung und Optimierung Einsparungen erzielen k\u00f6nnen.  <\/span><\/p>[\/et_pb_blurb][\/et_pb_column][et_pb_column type=&#8220;1_2&#8243; _builder_version=&#8220;4.25.1&#8243; _module_preset=&#8220;default&#8220; background_color=&#8220;rgba(235,60,22,0.06)&#8220; custom_padding=&#8220;42px||42px||true|false&#8220; global_colors_info=&#8220;{}&#8220;][et_pb_blurb title=&#8220;Feuerschutz  &#8220; image=&#8220;https:\/\/www.mdbouw.sk\/wp-content\/uploads\/2024\/06\/pozia.svg&#8220; icon_placement=&#8220;left&#8220; image_icon_width=&#8220;176%&#8220; icon_placement_tablet=&#8220;left&#8220; icon_placement_phone=&#8220;top&#8220; icon_placement_last_edited=&#8220;on|phone&#8220; image_icon_width_tablet=&#8220;176%&#8220; image_icon_width_phone=&#8220;18%&#8220; image_icon_width_last_edited=&#8220;on|phone&#8220; _builder_version=&#8220;4.25.1&#8243; _module_preset=&#8220;default&#8220; header_font=&#8220;|&#8211;et_global_heading_font_weight||on|||||&#8220; header_text_align=&#8220;left&#8220; header_text_color=&#8220;#EB3C16&#8243; header_font_size=&#8220;22px&#8220; body_text_align=&#8220;left&#8220; body_text_color=&#8220;rgba(9,17,55,0.6)&#8220; image_icon_custom_margin=&#8220;0px|||-25px|false|false&#8220; image_icon_custom_margin_tablet=&#8220;0px|||-25px|false|false&#8220; image_icon_custom_margin_phone=&#8220;0px|||0px|false|false&#8220; image_icon_custom_margin_last_edited=&#8220;on|phone&#8220; image_icon_custom_padding=&#8220;0px||||false|false&#8220; custom_margin=&#8220;0px|||16px|false|false&#8220; custom_margin_tablet=&#8220;0px|||16px|false|false&#8220; custom_margin_phone=&#8220;0px|34px||34px|false|true&#8220; custom_margin_last_edited=&#8220;on|phone&#8220; custom_padding=&#8220;|||0px|false|false&#8220; header_font_size_tablet=&#8220;22px&#8220; header_font_size_phone=&#8220;20px&#8220; header_font_size_last_edited=&#8220;on|phone&#8220; global_colors_info=&#8220;{}&#8220;]<p><span style=\"font-weight: 400;\">Vorbeugung ist immer wichtig, besonders in Geb\u00e4udeteilen, in denen ein gewisses Risiko besteht. Bei der elektrischen Verkabelung muss auf optimale Brandschutzl\u00f6sungen geachtet werden. Wir verwenden flammhemmende Kabel, spezielle Kontrollen und Brandmelder.  <\/span><\/p>[\/et_pb_blurb][\/et_pb_column][\/et_pb_row][et_pb_row column_structure=&#8220;1_2,1_2&#8243; _builder_version=&#8220;4.25.1&#8243; _module_preset=&#8220;default&#8220; custom_padding=&#8220;0px|||||&#8220; global_colors_info=&#8220;{}&#8220;][et_pb_column type=&#8220;1_2&#8243; _builder_version=&#8220;4.25.1&#8243; _module_preset=&#8220;default&#8220; background_color=&#8220;rgba(235,60,22,0.06)&#8220; custom_padding=&#8220;42px||42px||true|false&#8220; global_colors_info=&#8220;{}&#8220;][et_pb_blurb title=&#8220;Sicherheit von Geb\u00e4uden  &#8220; image=&#8220;https:\/\/www.mdbouw.sk\/wp-content\/uploads\/2024\/06\/zabez.svg&#8220; icon_placement=&#8220;left&#8220; image_icon_width=&#8220;176%&#8220; icon_placement_tablet=&#8220;left&#8220; icon_placement_phone=&#8220;top&#8220; icon_placement_last_edited=&#8220;on|phone&#8220; image_icon_width_tablet=&#8220;176%&#8220; image_icon_width_phone=&#8220;18%&#8220; image_icon_width_last_edited=&#8220;on|phone&#8220; _builder_version=&#8220;4.25.1&#8243; _module_preset=&#8220;default&#8220; header_font=&#8220;|&#8211;et_global_heading_font_weight||on|||||&#8220; header_text_align=&#8220;left&#8220; header_text_color=&#8220;#EB3C16&#8243; header_font_size=&#8220;22px&#8220; body_text_align=&#8220;left&#8220; body_text_color=&#8220;rgba(9,17,55,0.6)&#8220; image_icon_custom_margin=&#8220;0px|||-25px|false|false&#8220; image_icon_custom_margin_tablet=&#8220;0px|||-25px|false|false&#8220; image_icon_custom_margin_phone=&#8220;0px|||0px|false|false&#8220; image_icon_custom_margin_last_edited=&#8220;on|phone&#8220; image_icon_custom_padding=&#8220;0px||||false|false&#8220; custom_margin=&#8220;0px|||16px|false|false&#8220; custom_margin_tablet=&#8220;0px|||16px|false|false&#8220; custom_margin_phone=&#8220;0px|34px||34px|false|true&#8220; custom_margin_last_edited=&#8220;on|phone&#8220; custom_padding=&#8220;|||0px|false|false&#8220; header_font_size_tablet=&#8220;22px&#8220; header_font_size_phone=&#8220;20px&#8220; header_font_size_last_edited=&#8220;on|phone&#8220; global_colors_info=&#8220;{}&#8220;]<p><span style=\"font-weight: 400;\">Unser Team installiert f\u00fcr Sie umfassende Geb\u00e4udesicherheitsl\u00f6sungen. Sie sorgen f\u00fcr den Schutz des Geb\u00e4udes, seiner Bewohner und ihres Eigentums. Zu den Hauptkomponenten eines Sicherheitssystems geh\u00f6ren zum Beispiel Bewegungsmelder, elektronische Schl\u00f6sser oder Kameras.  <\/span><\/p>[\/et_pb_blurb][\/et_pb_column][et_pb_column type=&#8220;1_2&#8243; _builder_version=&#8220;4.25.1&#8243; _module_preset=&#8220;default&#8220; background_color=&#8220;rgba(235,60,22,0.06)&#8220; custom_padding=&#8220;42px||42px||true|false&#8220; global_colors_info=&#8220;{}&#8220;][et_pb_blurb title=&#8220;KNXI  &#8220; image=&#8220;https:\/\/www.mdbouw.sk\/wp-content\/uploads\/2024\/06\/knxi.svg&#8220; icon_placement=&#8220;left&#8220; image_icon_width=&#8220;176%&#8220; icon_placement_tablet=&#8220;left&#8220; icon_placement_phone=&#8220;top&#8220; icon_placement_last_edited=&#8220;on|phone&#8220; image_icon_width_tablet=&#8220;176%&#8220; image_icon_width_phone=&#8220;18%&#8220; image_icon_width_last_edited=&#8220;on|phone&#8220; _builder_version=&#8220;4.25.1&#8243; _module_preset=&#8220;default&#8220; header_font=&#8220;|&#8211;et_global_heading_font_weight||on|||||&#8220; header_text_align=&#8220;left&#8220; header_text_color=&#8220;#EB3C16&#8243; header_font_size=&#8220;22px&#8220; body_text_align=&#8220;left&#8220; body_text_color=&#8220;rgba(9,17,55,0.6)&#8220; image_icon_custom_margin=&#8220;0px|||-25px|false|false&#8220; image_icon_custom_margin_tablet=&#8220;0px|||-25px|false|false&#8220; image_icon_custom_margin_phone=&#8220;0px|||0px|false|false&#8220; image_icon_custom_margin_last_edited=&#8220;on|phone&#8220; image_icon_custom_padding=&#8220;0px||||false|false&#8220; custom_margin=&#8220;0px|||16px|false|false&#8220; custom_margin_tablet=&#8220;0px|||16px|false|false&#8220; custom_margin_phone=&#8220;0px|34px||34px|false|true&#8220; custom_margin_last_edited=&#8220;on|phone&#8220; custom_padding=&#8220;|||0px|false|false&#8220; header_font_size_tablet=&#8220;22px&#8220; header_font_size_phone=&#8220;20px&#8220; header_font_size_last_edited=&#8220;on|phone&#8220; global_colors_info=&#8220;{}&#8220;]<p><span style=\"font-weight: 400;\">Automatisierung, die die Integration und Steuerung verschiedener Ger\u00e4te und Systeme erm\u00f6glicht &#8211; auch das finden Sie hier. Dies kann Beleuchtung, Heizung, Klimaanlage, Sicherheitssysteme und mehr umfassen. KNX steht f\u00fcr Konnex, den internationalen Namen f\u00fcr intelligente Geb\u00e4udel\u00f6sungen.  <\/span><\/p>[\/et_pb_blurb][\/et_pb_column][\/et_pb_row][\/et_pb_section][et_pb_section fb_built=&#8220;1&#8243; _builder_version=&#8220;4.25.1&#8243; _module_preset=&#8220;default&#8220; custom_padding=&#8220;8px|||||&#8220; global_module=&#8220;116&#8243; saved_tabs=&#8220;all&#8220; global_colors_info=&#8220;{}&#8220;][et_pb_row column_structure=&#8220;1_2,1_2&#8243; use_custom_gutter=&#8220;on&#8220; gutter_width=&#8220;2&#8243; _builder_version=&#8220;4.25.1&#8243; _module_preset=&#8220;default&#8220; global_colors_info=&#8220;{}&#8220;][et_pb_column type=&#8220;1_2&#8243; _builder_version=&#8220;4.25.1&#8243; _module_preset=&#8220;default&#8220; background_image=&#8220;https:\/\/www.mdbouw.sk\/wp-content\/uploads\/2024\/05\/Group-33.svg&#8220; custom_padding=&#8220;2vw|2vw|2vw|2vw|true|true&#8220; custom_padding_tablet=&#8220;4vw|6vw|4vw|6vw|true|true&#8220; custom_padding_phone=&#8220;7vw|7vw|7vw|7vw|true|true&#8220; custom_padding_last_edited=&#8220;on|phone&#8220; global_colors_info=&#8220;{}&#8220;][et_pb_image src=&#8220;https:\/\/www.mdbouw.sk\/wp-content\/uploads\/2024\/05\/Rectangle-12.svg&#8220; title_text=&#8220;Rechteck 12&#8243; _builder_version=&#8220;4.25.1&#8243; _module_preset=&#8220;default&#8220; custom_margin=&#8220;||15px|||&#8220; custom_padding=&#8220;9px||||false|false&#8220; global_colors_info=&#8220;{}&#8220;][\/et_pb_image][et_pb_text _builder_version=&#8220;4.25.1&#8243; _module_preset=&#8220;default&#8220; header_2_font=&#8220;&#8211;et_global_heading_font|900||on|||||&#8220; header_2_text_color=&#8220;#FFFFFF&#8220; header_2_font_size=&#8220;35px&#8220; header_2_line_height=&#8220;1.1em&#8220; custom_margin=&#8220;0px||9px||false|false&#8220; header_2_font_size_tablet=&#8220;35px&#8220; header_2_font_size_phone=&#8220;30px&#8220; header_2_font_size_last_edited=&#8220;on|phone&#8220; border_color_top=&#8220;#091137&#8243; global_colors_info=&#8220;{}&#8220;]<h2>Kontaktieren Sie uns<\/h2>[\/et_pb_text][et_pb_text _builder_version=&#8220;4.25.1&#8243; _module_preset=&#8220;default&#8220; text_text_color=&#8220;rgba(255,255,255,0.66)&#8220; custom_padding=&#8220;|12vw|||false|false&#8220; custom_padding_tablet=&#8220;|12vw|||false|false&#8220; custom_padding_phone=&#8220;|0vw|||false|false&#8220; custom_padding_last_edited=&#8220;on|phone&#8220; global_colors_info=&#8220;{}&#8220;]Wenn Sie an einem unserer Dienste interessiert sind, gehen Sie bitte auf unsere Seite &#8222;Kontakt&#8220; und f\u00fcllen Sie ein einfaches Formular aus. Und unsere Zusammenarbeit kann beginnen. [\/et_pb_text][et_pb_button button_url=&#8220;https:\/\/www.mdbouw.sk\/kontakt\/&#8220; button_text=&#8220;Kontakt&#8220; _builder_version=&#8220;4.25.1&#8243; _module_preset=&#8220;default&#8220; custom_button=&#8220;on&#8220; button_text_color=&#8220;#FFFFFF&#8220; button_bg_color=&#8220;#091137&#8243; button_border_width=&#8220;0px&#8220; button_border_color=&#8220;#EB3C16&#8243; button_border_radius=&#8220;0px&#8220; button_font=&#8220;|700||on|||||&#8220; button_use_icon=&#8220;off&#8220; custom_padding=&#8220;11px||11px||true|false&#8220; global_colors_info=&#8220;{}&#8220; button_bg_color__hover_enabled=&#8220;on|hover&#8220; button_bg_color__hover=&#8220;#FFFFFF&#8220; button_bg_enable_color__hover=&#8220;on&#8220; button_text_color__hover_enabled=&#8220;on|hover&#8220; button_text_color__hover=&#8220;#EB3C16&#8243;][\/et_pb_button][\/et_pb_column][et_pb_column type=&#8220;1_2&#8243; _builder_version=&#8220;4.25.1&#8243; _module_preset=&#8220;default&#8220; background_image=&#8220;https:\/\/www.mdbouw.sk\/wp-content\/uploads\/2024\/05\/Group-34.svg&#8220; custom_padding=&#8220;2vw|2vw|2vw|2vw|true|true&#8220; custom_padding_tablet=&#8220;4vw|6vw|4vw|6vw|true|true&#8220; custom_padding_phone=&#8220;7vw|7vw|7vw|7vw|true|true&#8220; custom_padding_last_edited=&#8220;on|phone&#8220; global_colors_info=&#8220;{}&#8220;][et_pb_image src=&#8220;https:\/\/www.mdbouw.sk\/wp-content\/uploads\/2024\/05\/Rectangle-12.svg&#8220; title_text=&#8220;Rechteck 12&#8243; _builder_version=&#8220;4.25.1&#8243; _module_preset=&#8220;default&#8220; custom_margin=&#8220;||15px|||&#8220; custom_padding=&#8220;9px||||false|false&#8220; global_colors_info=&#8220;{}&#8220;][\/et_pb_image][et_pb_text _builder_version=&#8220;4.25.1&#8243; _module_preset=&#8220;default&#8220; header_2_font=&#8220;&#8211;et_global_heading_font|900||on|||||&#8220; header_2_text_color=&#8220;#FFFFFF&#8220; header_2_font_size=&#8220;35px&#8220; custom_margin=&#8220;0px||9px||false|false&#8220; header_2_font_size_tablet=&#8220;35px&#8220; header_2_font_size_phone=&#8220;30px&#8220; header_2_font_size_last_edited=&#8220;on|phone&#8220; border_color_top=&#8220;#091137&#8243; global_colors_info=&#8220;{}&#8220;]<h2>Kommen Sie zur Arbeit mit uns<\/h2>[\/et_pb_text][et_pb_text _builder_version=&#8220;4.25.1&#8243; _module_preset=&#8220;default&#8220; text_text_color=&#8220;rgba(255,255,255,0.66)&#8220; custom_padding=&#8220;|12vw|||false|false&#8220; custom_padding_tablet=&#8220;|12vw|||false|false&#8220; custom_padding_phone=&#8220;|0vw|||false|false&#8220; custom_padding_last_edited=&#8220;on|phone&#8220; global_colors_info=&#8220;{}&#8220;]Wir bieten Platz f\u00fcr diejenigen, die Profis auf dem Gebiet der Elektroinstallation sind, aber auch f\u00fcr diejenigen, die es noch werden wollen. Nehmen Sie Kontakt mit uns auf und schlie\u00dfen Sie sich dem MD Bouw-Team an. [\/et_pb_text][et_pb_button button_url=&#8220;https:\/\/www.mdbouw.sk\/kariera\/&#8220; button_text=&#8220;Karriere&#8220; _builder_version=&#8220;4.25.1&#8243; _module_preset=&#8220;default&#8220; custom_button=&#8220;on&#8220; button_text_color=&#8220;#FFFFFF&#8220; button_bg_color=&#8220;#EB3C16&#8243; button_border_width=&#8220;0px&#8220; button_border_color=&#8220;#EB3C16&#8243; button_border_radius=&#8220;0px&#8220; button_font=&#8220;|700||on|||||&#8220; button_use_icon=&#8220;off&#8220; custom_padding=&#8220;11px||11px||true|false&#8220; global_colors_info=&#8220;{}&#8220; button_bg_color__hover_enabled=&#8220;on|hover&#8220; button_bg_color__hover=&#8220;#FFFFFF&#8220; button_bg_enable_color__hover=&#8220;on&#8220; button_text_color__hover_enabled=&#8220;on|hover&#8220; button_text_color__hover=&#8220;#EB3C16&#8243;][\/et_pb_button][\/et_pb_column][\/et_pb_row][\/et_pb_section]\n","protected":false},"excerpt":{"rendered":"<p>Unsere DienstleistungenWof\u00fcr wir uns engagierenWir installieren auch Systeme in Ihrem Geb\u00e4ude, die mit hohen Spannungen und Str\u00f6men arbeiten. Wir befolgen die geltenden Normen und halten alle Sicherheitsanforderungen ein. Mit uns ist die \u00dcbertragung und Verteilung von Strom problemlos. Wir k\u00fcmmern uns auch um die Installation von Niederspannungskabeln und -dr\u00e4hten, elektronischen Schaltungen und Netzwerkausr\u00fcstung. Wir schlie\u00dfen [&hellip;]<\/p>\n","protected":false},"author":1,"featured_media":0,"parent":0,"menu_order":0,"comment_status":"closed","ping_status":"closed","template":"","meta":{"_et_pb_use_builder":"on","_et_pb_old_content":"","_et_gb_content_width":"","_monsterinsights_skip_tracking":false,"_monsterinsights_sitenote_active":false,"_monsterinsights_sitenote_note":"","_monsterinsights_sitenote_category":0,"footnotes":""},"_links":{"self":[{"href":"https:\/\/www.mdbouw.sk\/de\/wp-json\/wp\/v2\/pages\/395"}],"collection":[{"href":"https:\/\/www.mdbouw.sk\/de\/wp-json\/wp\/v2\/pages"}],"about":[{"href":"https:\/\/www.mdbouw.sk\/de\/wp-json\/wp\/v2\/types\/page"}],"author":[{"embeddable":true,"href":"https:\/\/www.mdbouw.sk\/de\/wp-json\/wp\/v2\/users\/1"}],"replies":[{"embeddable":true,"href":"https:\/\/www.mdbouw.sk\/de\/wp-json\/wp\/v2\/comments?post=395"}],"version-history":[{"count":1,"href":"https:\/\/www.mdbouw.sk\/de\/wp-json\/wp\/v2\/pages\/395\/revisions"}],"predecessor-version":[{"id":404,"href":"https:\/\/www.mdbouw.sk\/de\/wp-json\/wp\/v2\/pages\/395\/revisions\/404"}],"wp:attachment":[{"href":"https:\/\/www.mdbouw.sk\/de\/wp-json\/wp\/v2\/media?parent=395"}],"curies":[{"name":"wp","href":"https:\/\/api.w.org\/{rel}","templated":true}]}}